{"id":3,"date":"2025-10-14T12:11:33","date_gmt":"2025-10-14T12:11:33","guid":{"rendered":"https:\/\/annemoller.com\/?page_id=3"},"modified":"2025-10-15T14:41:14","modified_gmt":"2025-10-15T14:41:14","slug":"privacy-policy","status":"publish","type":"page","link":"https:\/\/annemoller.com\/it\/privacy-policy\/","title":{"rendered":"Pol\u00edtica de Privacidad"},"content":{"rendered":"<div data-elementor-type=\"wp-page\" data-elementor-id=\"3\" class=\"elementor elementor-3\" data-elementor-post-type=\"page\">\n\t\t\t\t<div class=\"elementor-element elementor-element-5bfc801b e-flex e-con-boxed e-con e-parent\" data-id=\"5bfc801b\" data-element_type=\"container\">\n\t\t\t\t\t<div class=\"e-con-inner\">\n\t\t\t\t<div class=\"elementor-element elementor-element-3556aff elementor-widget elementor-widget-heading\" data-id=\"3556aff\" data-element_type=\"widget\" data-widget_type=\"heading.default\">\n\t\t\t\t\t<h1 class=\"elementor-heading-title elementor-size-default\">POL\u00cdTICA DE PRIVACIDAD<\/h1>\t\t\t\t<\/div>\n\t\t\t\t<div class=\"elementor-element elementor-element-e6d9e99 elementor-widget elementor-widget-text-editor\" data-id=\"e6d9e99\" data-element_type=\"widget\" data-widget_type=\"text-editor.default\">\n\t\t\t\t\t\t\t\t\t<p class=\"s11\"><span class=\"s8\">Es compromiso de <\/span><span class=\"s2\">FARLABO COSMETICS, S.L.<\/span> <span class=\"s10\">(en adelante \u201c<\/span><span class=\"s2\">FARLABO<\/span><span class=\"s10\">\u201d)<\/span> <span class=\"s8\">el respeto a la privacidad de los usuarios y la protecci\u00f3n y seguridad de sus datos personales<\/span><span class=\"s10\">. Es por ello <\/span><span class=\"s10\">por lo <\/span><span class=\"s10\">que, de acuerdo con la normativa vigente en materia de protecci\u00f3n de datos (Reglamento (UE) 2016\/679 del Parlamento y del Consejo de 27 de abril de 2016<\/span><span class=\"s10\">; \u201cRGPD\u201d<\/span> <span class=\"s10\">y la <\/span><span class=\"s10\">Ley Org\u00e1nica 3\/2018, de 5 de diciembre, de Protecci\u00f3n de Datos Personales y garant\u00eda de los derechos digitales<\/span><span class=\"s10\">; \u201cLOPDGDD\u201d<\/span><span class=\"s10\">), <\/span><span class=\"s2\">FARLABO<\/span> <span class=\"s10\">informa en la presente pol\u00edtica de protecci\u00f3n de datos sobre c\u00f3mo recaba y trata los datos de car\u00e1cter personal de los usuarios en la p\u00e1gina w<\/span><span class=\"s10\">eb <\/span><span class=\"s10\">(en adelante, referenciado como \u201cSitio web\u201d).\u00a0\u00a0<\/span><\/p>\n<p class=\"s12\">\u00a0<\/p>\n<p class=\"s12\"><a name=\"_Toc164273063\"><\/a><strong><span class=\"s13\">1. IDENTIFICACI\u00d3N DEL RESPONSABLE DEL TRATAMIENTO DE LOS DATOS PERSONALES<\/span><span class=\"s10\">\u00a0<br \/><\/span><\/strong><span class=\"s10\">El <\/span><span class=\"s10\">r<\/span><span class=\"s10\">esponsable del <\/span><span class=\"s10\">t<\/span><span class=\"s10\">ratamiento de los datos personales es<\/span> <span class=\"s2\">FARLABO COSMETICS, S.L.<\/span><span class=\"s2\">,<\/span> <span class=\"s10\">con<\/span><span class=\"s10\"> NIF <\/span><span class=\"s10\">n\u00famero<\/span><span class=\"s10\"> B21960448<\/span><span class=\"s10\">,<\/span> <span class=\"s10\">domicilio social en<\/span><span class=\"s10\"> V\u00eda De Los Poblados 3, Edificio 4b, Planta 6, <\/span><span class=\"s15\">28033, Madrid<\/span><a name=\"_Toc164273064\"><\/a><span class=\"s15\">.<\/span><\/p>\n<p class=\"s18\"><span class=\"s17\"><br \/><strong>2. INFORMACI\u00d3N SOBRE LA FINALIDAD DEL TRATAMIENTO<\/strong><\/span><strong><span class=\"s17\">\u00a0<\/span><span class=\"s15\">\u00a0<\/span><\/strong><\/p>\n<p class=\"s18\"><span class=\"s15\">El responsable del tratamiento a trav\u00e9s del Sitio web llevar\u00e1 a cabo el siguiente tratamiento de datos empleando la base legitimadora adecuada y respetando los derechos y libertades de los interesados.\u00a0<\/span><\/p>\n<p class=\"s18\"><span class=\"s17\"><br \/><strong>2.1 Gestionar el env\u00edo de <\/strong><\/span><strong><span class=\"s17\">newsletters<\/span><\/strong><\/p>\n<ul>\n<li class=\"s18\"><span class=\"s20\">\u00a0<\/span><span class=\"s21\">Finalidad:<\/span> <span class=\"s15\">Gestionar el env\u00edo de la <\/span><span class=\"s15\">newsletter<\/span><\/li>\n<li class=\"s18\"><span class=\"s21\">Base legitimadora:<\/span><span class=\"s15\"> Su consentimiento<\/span><\/li>\n<li class=\"s18\"><span class=\"s21\">Tipolog\u00eda de datos:<\/span><span class=\"s15\"> Datos identificativos y de contacto<\/span><\/li>\n<li class=\"s18\"><span class=\"s15\">Podr\u00e1 revocar su consentimiento en cualquier momento enviando un correo a la direcci\u00f3n<\/span> <a href=\"mailto:rgpd@farlabo.com\"><span class=\"s23\">rgpd@farlabo.com<\/span><\/a><span class=\"s15\"> o <\/span><span class=\"s15\">haciendo clic en el bot\u00f3n de <\/span><span class=\"s24\">unsubscribe<\/span><span class=\"s15\"> que encontrar\u00e1 en el pie de nuestros correos electr\u00f3nicos.<\/span><\/li>\n<\/ul>\n<p class=\"s11\"><strong><span class=\"s13\"><br \/>3. DESTINATARIOS DE LOS DATOS PERSONALES<\/span><span class=\"s10\">\u00a0<\/span><\/strong><\/p>\n<p class=\"s11\"><strong><span class=\"s13\"><br \/>3.1. Comunicaci\u00f3n de los datos a terceros<\/span><\/strong><\/p>\n<p class=\"s26\"><span class=\"s10\">Los datos personales recabados a trav\u00e9s de la web, con car\u00e1cter general, no ser\u00e1n comunicados a terceros salvo obligaci\u00f3n legal.<\/span><\/p>\n<p class=\"s11\"><strong><span class=\"s13\"><br \/>3.2. Encargados del tratamiento<\/span><span class=\"s10\">\u00a0<\/span><\/strong><\/p>\n<p class=\"s27\"><span class=\"s10\">Sin perjuicio de lo indicado anteriormente, los datos de los usuarios del Sitio web podr\u00e1n ser tratados por prestadores de servicios id\u00f3neos, contratados por <\/span><span class=\"s2\">FARLABO<\/span><span class=\"s10\">, en calidad de encargados del tratamiento. Dichos prestadores de servicios \u00fanicamente tratar\u00e1n los datos para las finalidades establecidas por dicho responsable del tratamiento y de acuerdo con sus instrucciones, de acuerdo con lo establecido en el art. 28 RGPD.<\/span><a name=\"_Toc164273072\"><\/a><\/p>\n<p class=\"s25\"><strong><span class=\"s13\"><br \/>4<\/span><span class=\"s13\">. PLAZO DE CONSERVACI\u00d3N<\/span><\/strong><\/p>\n<p class=\"s12\"><span class=\"s2\">FARLABO<\/span> <span class=\"s10\">conservar\u00e1 los datos personales de los usuarios durante el tiempo necesario para la realizaci\u00f3n de la finalidad para la cual son tratados o hasta que el interesado <\/span><span class=\"s10\">solicite la supresi\u00f3n de sus datos personales<\/span><span class=\"s10\">. E<\/span><span class=\"s10\">n todo caso,<\/span><a name=\"_Toc164273073\"><\/a><span class=\"s10\"> e<\/span><span class=\"s10\">l plazo de conservaci\u00f3n de <\/span><span class=\"s10\">lo<\/span><span class=\"s10\">s datos depender\u00e1 de las finalidades para las que<\/span><span class=\"s2\">FARLABO<\/span><span class=\"s10\"> l<\/span><span class=\"s10\">os trate, tal y como se detalla a continuaci\u00f3n:<\/span><\/p>\n<p class=\"s12\">\u00a0<\/p>\n<ul>\n<li class=\"s29\"><span class=\"s13\">Los datos relativos a la gesti\u00f3n <\/span><span class=\"s13\">del env\u00edo de <\/span><span class=\"s13\">newsletter<\/span><span class=\"s28\">:<\/span> <span class=\"s10\">se conservar\u00e1n durante 2 a\u00f1o<\/span><span class=\"s10\">s o hasta que el usuario revoque su consentimiento. <\/span><\/li>\n<\/ul>\n<p class=\"s30\">\u00a0<\/p>\n<p class=\"s25\"><strong><span class=\"s13\">5<\/span><span class=\"s13\">. EJERCICIO DE DERECHOS EN MATERIA DE PROTECCI\u00d3N DE DATOS<\/span><\/strong><\/p>\n<p class=\"s16\"><span class=\"s15\">En cualquier momento, el usuario podr\u00e1 ejercer sus derechos de acceso, rectificaci\u00f3n, supresi\u00f3n, oposici\u00f3n, limitaci\u00f3n y portabilidad de sus datos, enviando un correo electr\u00f3nico a la siguiente direcci\u00f3n de correo electr\u00f3nico<\/span> <a href=\"mailto:rgpd@farlabo.com\"><span class=\"s31\">rgpd@farlabo.com<\/span><\/a> <span class=\"s15\">identificando el derecho que desea ejercitar.\u00a0<\/span><\/p>\n<p class=\"s18\"><span class=\"s15\">Se informa al usuario que en caso de considerar que no se ha satisfecho el ejercicio de sus derechos, podr\u00e1 presentar una reclamaci\u00f3n ante la Agencia Espa\u00f1ola de Protecci\u00f3n de Datos. M\u00e1s informaci\u00f3n en<\/span><span class=\"s33\">\u202f<\/span><a href=\"http:\/\/www.aepd.es\/\"><span class=\"s21\">www.aepd.es<\/span><\/a><span class=\"s15\">.\u00a0<\/span><\/p>\n<p class=\"s16\">\u00a0<\/p>\n<p class=\"s19\"><strong><span class=\"s17\">6. MEDIDAS DE SEGURIDAD<\/span><\/strong><\/p>\n<p class=\"s34\"><span class=\"s15\">FARLABO<\/span><span class=\"s15\"> adopta las medidas necesarias, as\u00ed como procedimientos de seguridad adecuados, dirigidos a la implementaci\u00f3n de medidas t\u00e9cnicas y organizativas dirigidas a detectar posibles riesgos y minimizarlos, revisando y actualizando regularmente las medidas para dar cumplimiento en todo momento a la normativa en materia de protecci\u00f3n de datos.<\/span><\/p>\n<p class=\"s34\">\u00a0<\/p>\n<div class=\"s36\"><strong><span class=\"s35\">7. <\/span><span class=\"s17\">ACTUALIZACIONES<\/span><span class=\"s15\">\u00a0<\/span><\/strong><\/div>\n<p class=\"s37\"><span class=\"s15\">La organizaci\u00f3n se reserva el derecho a modificar en cualquier momento los contenidos de este Sitio web, y podr\u00e1 a\u00f1adir nuevas funcionalidades, as\u00ed como modificar la actual pol\u00edtica. En ese caso, se publicar\u00e1 la correspondiente actualizaci\u00f3n en el Sitio web para que el usuario tenga conocimiento de cualquier cambio.\u00a0\u00a0<\/span><\/p>\n<p class=\"s37\">\u00a0<\/p>\n<p class=\"s38\"><span class=\"s13\">Publicado en octubre<\/span><span class=\"s13\"> 2025<\/span><\/p>\t\t\t\t\t\t\t\t<\/div>\n\t\t\t\t\t<\/div>\n\t\t\t\t<\/div>\n\t\t\t\t<\/div>","protected":false},"excerpt":{"rendered":"<p>POL\u00cdTICA DE PRIVACIDAD Es compromiso de FARLABO COSMETICS, S.L. (en adelante \u201cFARLABO\u201d) el respeto a la privacidad de los usuarios y la protecci\u00f3n y seguridad de sus datos personales. Es por ello por lo que, de acuerdo con la normativa vigente en materia de protecci\u00f3n de datos (Reglamento (UE) 2016\/679 del Parlamento y del Consejo&hellip; <a class=\"more-link\" href=\"https:\/\/annemoller.com\/it\/privacy-policy\/\">Continua a leggere <span class=\"screen-reader-text\">Pol\u00edtica de Privacidad<\/span><\/a><\/p>","protected":false},"author":2,"featured_media":0,"parent":0,"menu_order":0,"comment_status":"closed","ping_status":"closed","template":"elementor_header_footer","meta":{"footnotes":""},"class_list":["post-3","page","type-page","status-publish","hentry","entry"],"_links":{"self":[{"href":"https:\/\/annemoller.com\/it\/wp-json\/wp\/v2\/pages\/3","targetHints":{"allow":["GET"]}}],"collection":[{"href":"https:\/\/annemoller.com\/it\/wp-json\/wp\/v2\/pages"}],"about":[{"href":"https:\/\/annemoller.com\/it\/wp-json\/wp\/v2\/types\/page"}],"author":[{"embeddable":true,"href":"https:\/\/annemoller.com\/it\/wp-json\/wp\/v2\/users\/2"}],"replies":[{"embeddable":true,"href":"https:\/\/annemoller.com\/it\/wp-json\/wp\/v2\/comments?post=3"}],"version-history":[{"count":4,"href":"https:\/\/annemoller.com\/it\/wp-json\/wp\/v2\/pages\/3\/revisions"}],"predecessor-version":[{"id":218,"href":"https:\/\/annemoller.com\/it\/wp-json\/wp\/v2\/pages\/3\/revisions\/218"}],"wp:attachment":[{"href":"https:\/\/annemoller.com\/it\/wp-json\/wp\/v2\/media?parent=3"}],"curies":[{"name":"wp","href":"https:\/\/api.w.org\/{rel}","templated":true}]}}